{"id":1052,"date":"2025-11-07T14:45:40","date_gmt":"2025-11-07T14:45:40","guid":{"rendered":"https:\/\/conectawebsites.com\/?page_id=1052"},"modified":"2025-11-18T23:49:44","modified_gmt":"2025-11-18T23:49:44","slug":"politica-de-privacidade","status":"publish","type":"page","link":"https:\/\/conectawebsites.com\/en\/politica-de-privacidade\/","title":{"rendered":"Privacy Policy"},"content":{"rendered":"<div data-elementor-type=\"wp-page\" data-elementor-id=\"1052\" class=\"elementor elementor-1052\">\n\t\t\t\t<div class=\"elementor-element elementor-element-973be3f e-flex e-con-boxed e-con e-parent\" data-id=\"973be3f\" data-element_type=\"container\" data-e-type=\"container\">\n\t\t\t\t\t<div class=\"e-con-inner\">\n\t\t<div class=\"elementor-element elementor-element-148669c e-con-full e-flex e-con e-child\" data-id=\"148669c\" data-element_type=\"container\" data-e-type=\"container\">\n\t\t\t\t<div class=\"elementor-element elementor-element-eb080dd elementor-widget elementor-widget-heading\" data-id=\"eb080dd\" data-element_type=\"widget\" data-e-type=\"widget\" data-widget_type=\"heading.default\">\n\t\t\t\t\t<h2 class=\"elementor-heading-title elementor-size-default\">Privacy Policy<\/h2>\t\t\t\t<\/div>\n\t\t\t\t<\/div>\n\t\t<div class=\"elementor-element elementor-element-7909d9f e-con-full e-flex e-con e-child\" data-id=\"7909d9f\" data-element_type=\"container\" data-e-type=\"container\">\n\t\t\t\t<div class=\"elementor-element elementor-element-fee4ff1 elementor-widget elementor-widget-text-editor\" data-id=\"fee4ff1\" data-element_type=\"widget\" data-e-type=\"widget\" data-widget_type=\"text-editor.default\">\n\t\t\t\t\t\t\t\t\t<p data-start=\"461\" data-end=\"724\">O site <strong data-start=\"468\" data-end=\"491\">ConectaWebsites.com<\/strong>, de responsabilidade de <strong data-start=\"516\" data-end=\"544\">Rodrigo Barbosa da Silva<\/strong>, valoriza a privacidade dos visitantes e est\u00e1 comprometido em proteger suas informa\u00e7\u00f5es pessoais, em conformidade com a Lei Geral de Prote\u00e7\u00e3o de Dados (Lei n\u00ba 13.709\/2018 \u2014 LGPD).<\/p><p>1. Coleta de informa\u00e7\u00f5es<\/p><p>Podemos coletar informa\u00e7\u00f5es pessoais fornecidas voluntariamente pelo usu\u00e1rio, como:<\/p><ul data-start=\"843\" data-end=\"989\"><li data-start=\"843\" data-end=\"898\"><p data-start=\"845\" data-end=\"898\">Nome e e-mail (por meio de formul\u00e1rios de contato);<\/p><\/li><li data-start=\"899\" data-end=\"989\"><p data-start=\"901\" data-end=\"989\">Outras informa\u00e7\u00f5es fornecidas de forma espont\u00e2nea pelo visitante ao entrar em contato.<\/p><\/li><\/ul><p data-start=\"991\" data-end=\"1147\">Tamb\u00e9m podemos coletar dados de forma autom\u00e1tica, como <strong data-start=\"1046\" data-end=\"1057\">cookies<\/strong> e <strong data-start=\"1060\" data-end=\"1082\">dados de navega\u00e7\u00e3o<\/strong>, para fins de estat\u00edsticas e melhoria da experi\u00eancia do usu\u00e1rio.<\/p><p>2. Uso das informa\u00e7\u00f5es<\/p><p>As informa\u00e7\u00f5es coletadas s\u00e3o utilizadas para:<\/p><ul data-start=\"1226\" data-end=\"1390\"><li data-start=\"1226\" data-end=\"1294\"><p data-start=\"1228\" data-end=\"1294\">Entrar em contato em resposta a mensagens enviadas pelo usu\u00e1rio;<\/p><\/li><li data-start=\"1295\" data-end=\"1343\"><p data-start=\"1297\" data-end=\"1343\">Melhorar o conte\u00fado e funcionamento do site;<\/p><\/li><li data-start=\"1344\" data-end=\"1390\"><p data-start=\"1346\" data-end=\"1390\">Gerar estat\u00edsticas de acesso e desempenho.<\/p><\/li><\/ul><p data-start=\"1392\" data-end=\"1492\">N\u00e3o utilizamos os dados para envio de spam nem os compartilhamos com terceiros para fins comerciais.<\/p><p>3. Compartilhamento de dados<\/p><p>Os dados pessoais n\u00e3o s\u00e3o vendidos ou compartilhados com terceiros, exceto quando necess\u00e1rio para o funcionamento do site, como:<\/p><ul data-start=\"1660\" data-end=\"1787\"><li data-start=\"1660\" data-end=\"1710\"><p data-start=\"1662\" data-end=\"1710\">Servi\u00e7os de hospedagem e provedores de e-mail;<\/p><\/li><li data-start=\"1711\" data-end=\"1787\"><p data-start=\"1713\" data-end=\"1787\">Ferramentas de an\u00e1lise de tr\u00e1fego (como Google Analytics, se aplic\u00e1vel).<\/p><\/li><\/ul><p data-start=\"1789\" data-end=\"1904\">Esses servi\u00e7os podem coletar informa\u00e7\u00f5es de forma automatizada, respeitando suas pr\u00f3prias pol\u00edticas de privacidade.<\/p><p>4. Armazenamento e seguran\u00e7a<\/p><p>Os dados s\u00e3o armazenados de forma segura e apenas pelo tempo necess\u00e1rio para cumprir as finalidades descritas.<br data-start=\"2051\" data-end=\"2054\" \/>Adotamos medidas razo\u00e1veis de prote\u00e7\u00e3o contra acesso, altera\u00e7\u00e3o ou destrui\u00e7\u00e3o n\u00e3o autorizada.<\/p><p>5. Direitos do titular dos dados<\/p><p>O usu\u00e1rio pode, a qualquer momento, solicitar:<\/p><ul data-start=\"2237\" data-end=\"2406\"><li data-start=\"2237\" data-end=\"2297\"><p data-start=\"2239\" data-end=\"2297\">A confirma\u00e7\u00e3o da exist\u00eancia de tratamento de seus dados;<\/p><\/li><li data-start=\"2298\" data-end=\"2350\"><p data-start=\"2300\" data-end=\"2350\">A corre\u00e7\u00e3o ou exclus\u00e3o das informa\u00e7\u00f5es pessoais;<\/p><\/li><li data-start=\"2351\" data-end=\"2406\"><p data-start=\"2353\" data-end=\"2406\">Mais detalhes sobre como seus dados s\u00e3o utilizados.<\/p><\/li><\/ul><p data-start=\"2408\" data-end=\"2498\">Essas solicita\u00e7\u00f5es podem ser feitas pelo e-mail:<br data-start=\"2456\" data-end=\"2459\" \/>\ud83d\udce9 <strong data-start=\"2462\" data-end=\"2498\"><a class=\"decorated-link cursor-pointer\" rel=\"noopener\" data-start=\"2464\" data-end=\"2496\">rodrigo.barbosasilva90@gmail.com<\/a><\/strong><\/p><p>6. Altera\u00e7\u00f5es nesta pol\u00edtica<\/p><p>Esta pol\u00edtica pode ser atualizada periodicamente. Recomendamos que o usu\u00e1rio verifique esta p\u00e1gina ocasionalmente para se manter informado sobre eventuais mudan\u00e7as.<\/p><hr data-start=\"2701\" data-end=\"2704\" \/><p data-start=\"2706\" data-end=\"2911\"><strong data-start=\"2709\" data-end=\"2735\">Respons\u00e1vel pelo site:<\/strong><br data-start=\"2735\" data-end=\"2738\" \/>Rodrigo Barbosa da Silva<br data-start=\"2762\" data-end=\"2765\" \/><strong data-start=\"2765\" data-end=\"2776\">E-mail:<\/strong> <a class=\"decorated-link cursor-pointer\" rel=\"noopener\" data-start=\"2777\" data-end=\"2809\">rodrigo.barbosasilva90@gmail.com<\/a><br data-start=\"2809\" data-end=\"2812\" \/><strong data-start=\"2812\" data-end=\"2824\">Website:<\/strong> <a class=\"decorated-link cursor-pointer\" target=\"_new\" rel=\"noopener\" data-start=\"2825\" data-end=\"2883\">https:\/\/conectawebsites.com<\/a><br data-start=\"2883\" data-end=\"2886\" \/><strong data-start=\"2886\" data-end=\"2904\">Jurisdicional:<\/strong> Brasil<\/p>\t\t\t\t\t\t\t\t<\/div>\n\t\t\t\t<\/div>\n\t\t\t\t\t<\/div>\n\t\t\t\t<\/div>\n\t\t<footer class=\"elementor-element elementor-element-9691dea e-flex e-con-boxed e-con e-parent\" data-id=\"9691dea\" data-element_type=\"container\" data-e-type=\"container\" data-settings=\"{&quot;background_background&quot;:&quot;classic&quot;}\">\n\t\t\t\t\t<div class=\"e-con-inner\">\n\t\t<div class=\"elementor-element elementor-element-7fdb58e e-con-full e-flex e-con e-child\" data-id=\"7fdb58e\" data-element_type=\"container\" data-e-type=\"container\">\n\t\t\t\t<div class=\"elementor-element elementor-element-b28384b elementor-widget elementor-widget-image\" data-id=\"b28384b\" data-element_type=\"widget\" data-e-type=\"widget\" data-widget_type=\"image.default\">\n\t\t\t\t\t\t\t\t\t\t\t\t\t\t\t\t<a href=\"https:\/\/conectawebsites.com\/en\/\">\n\t\t\t\t\t\t\t<img fetchpriority=\"high\" decoding=\"async\" width=\"800\" height=\"433\" src=\"https:\/\/conectawebsites.com\/wp-content\/uploads\/2025\/11\/LOGO-VERDE-1024x554.webp\" class=\"attachment-large size-large wp-image-1524\" alt=\"\" srcset=\"https:\/\/conectawebsites.com\/wp-content\/uploads\/2025\/11\/LOGO-VERDE-1024x554.webp 1024w, https:\/\/conectawebsites.com\/wp-content\/uploads\/2025\/11\/LOGO-VERDE-300x162.webp 300w, https:\/\/conectawebsites.com\/wp-content\/uploads\/2025\/11\/LOGO-VERDE-768x416.webp 768w, https:\/\/conectawebsites.com\/wp-content\/uploads\/2025\/11\/LOGO-VERDE.webp 1380w\" sizes=\"(max-width: 800px) 100vw, 800px\" \/>\t\t\t\t\t\t\t\t<\/a>\n\t\t\t\t\t\t\t\t\t\t\t\t\t\t\t<\/div>\n\t\t\t\t<\/div>\n\t\t<div class=\"elementor-element elementor-element-c16c221 e-con-full e-flex e-con e-child\" data-id=\"c16c221\" data-element_type=\"container\" data-e-type=\"container\">\n\t\t\t\t<div class=\"elementor-element elementor-element-aa50afb elementor-widget elementor-widget-text-editor\" data-id=\"aa50afb\" data-element_type=\"widget\" data-e-type=\"widget\" data-widget_type=\"text-editor.default\">\n\t\t\t\t\t\t\t\t\t<p>\u00a9 2025 All rights reserved.<\/p>\t\t\t\t\t\t\t\t<\/div>\n\t\t\t\t<div class=\"elementor-element elementor-element-6a15420 elementor-widget elementor-widget-text-editor\" data-id=\"6a15420\" data-element_type=\"widget\" data-e-type=\"widget\" data-widget_type=\"text-editor.default\">\n\t\t\t\t\t\t\t\t\t<p><a href=\"https:\/\/conectawebsites.com\/en\/politica-de-privacidade\/\">Privacy Policy<\/a><\/p><p><a href=\"https:\/\/conectawebsites.com\/en\/termos-de-uso\/\">Terms of Use<\/a><\/p>\t\t\t\t\t\t\t\t<\/div>\n\t\t\t\t<\/div>\n\t\t\t\t\t<\/div>\n\t\t\t\t<\/footer>\n\t\t\t\t<\/div>","protected":false},"excerpt":{"rendered":"<p>Pol\u00edtica de Privacidade O site ConectaWebsites.com, de responsabilidade de Rodrigo Barbosa da Silva, valoriza a privacidade dos visitantes e est\u00e1 comprometido em proteger suas informa\u00e7\u00f5es pessoais, em conformidade com a Lei Geral de Prote\u00e7\u00e3o de Dados (Lei n\u00ba 13.709\/2018 \u2014 LGPD). 1. Coleta de informa\u00e7\u00f5es Podemos coletar informa\u00e7\u00f5es pessoais fornecidas voluntariamente pelo usu\u00e1rio, como: Nome [&hellip;]<\/p>\n","protected":false},"author":1,"featured_media":0,"parent":0,"menu_order":0,"comment_status":"closed","ping_status":"closed","template":"elementor_canvas","meta":{"_joinchat":[],"footnotes":""},"class_list":["post-1052","page","type-page","status-publish","hentry"],"aioseo_notices":[],"_hostinger_reach_plugin_has_subscription_block":false,"_hostinger_reach_plugin_is_elementor":false,"_links":{"self":[{"href":"https:\/\/conectawebsites.com\/en\/wp-json\/wp\/v2\/pages\/1052","targetHints":{"allow":["GET"]}}],"collection":[{"href":"https:\/\/conectawebsites.com\/en\/wp-json\/wp\/v2\/pages"}],"about":[{"href":"https:\/\/conectawebsites.com\/en\/wp-json\/wp\/v2\/types\/page"}],"author":[{"embeddable":true,"href":"https:\/\/conectawebsites.com\/en\/wp-json\/wp\/v2\/users\/1"}],"replies":[{"embeddable":true,"href":"https:\/\/conectawebsites.com\/en\/wp-json\/wp\/v2\/comments?post=1052"}],"version-history":[{"count":19,"href":"https:\/\/conectawebsites.com\/en\/wp-json\/wp\/v2\/pages\/1052\/revisions"}],"predecessor-version":[{"id":2082,"href":"https:\/\/conectawebsites.com\/en\/wp-json\/wp\/v2\/pages\/1052\/revisions\/2082"}],"wp:attachment":[{"href":"https:\/\/conectawebsites.com\/en\/wp-json\/wp\/v2\/media?parent=1052"}],"curies":[{"name":"wp","href":"https:\/\/api.w.org\/{rel}","templated":true}]}}